{"id":690,"date":"2020-07-13T10:42:28","date_gmt":"2020-07-13T10:42:28","guid":{"rendered":"https:\/\/themekreativ.com\/parezy\/?page_id=690"},"modified":"2024-02-09T23:30:48","modified_gmt":"2024-02-09T22:30:48","slug":"faq","status":"publish","type":"page","link":"https:\/\/centrumdit.pl\/index.php\/faq\/","title":{"rendered":"Pomoc psychologiczno &#8211; pedagogiczna"},"content":{"rendered":"\t\t<div data-elementor-type=\"wp-page\" data-elementor-id=\"690\" class=\"elementor elementor-690\">\n\t\t\t\t<div class=\"elementor-element elementor-element-2ba17b7 e-flex e-con-boxed e-con e-parent\" data-id=\"2ba17b7\" data-element_type=\"container\">\n\t\t\t\t\t<div class=\"e-con-inner\">\n\t\t\t\t<div class=\"elementor-element elementor-element-dfd1377 elementor-widget elementor-widget-spacer\" data-id=\"dfd1377\" data-element_type=\"widget\" data-widget_type=\"spacer.default\">\n\t\t\t\t<div class=\"elementor-widget-container\">\n\t\t\t\t\t<div class=\"elementor-spacer\">\n\t\t\t<div class=\"elementor-spacer-inner\"><\/div>\n\t\t<\/div>\n\t\t\t\t<\/div>\n\t\t\t\t<\/div>\n\t\t\t\t\t<\/div>\n\t\t\t\t<\/div>\n\t\t<div class=\"elementor-element elementor-element-b66ef05 e-flex e-con-boxed e-con e-parent\" data-id=\"b66ef05\" data-element_type=\"container\">\n\t\t\t\t\t<div class=\"e-con-inner\">\n\t\t\t\t<div class=\"elementor-element elementor-element-a109210 elementor-widget elementor-widget-text-editor\" data-id=\"a109210\" data-element_type=\"widget\" data-widget_type=\"text-editor.default\">\n\t\t\t\t<div class=\"elementor-widget-container\">\n\t\t\t\t\t\t\t<h4><strong>Na czym polega pomoc psychologiczno-pedagogiczna?<\/strong><\/h4>\t\t\t\t\t\t<\/div>\n\t\t\t\t<\/div>\n\t\t\t\t\t<\/div>\n\t\t\t\t<\/div>\n\t\t<div class=\"elementor-element elementor-element-737e26c e-flex e-con-boxed e-con e-parent\" data-id=\"737e26c\" data-element_type=\"container\">\n\t\t\t\t\t<div class=\"e-con-inner\">\n\t\t\t\t<div class=\"elementor-element elementor-element-5df831f elementor-widget elementor-widget-text-editor\" data-id=\"5df831f\" data-element_type=\"widget\" data-widget_type=\"text-editor.default\">\n\t\t\t\t<div class=\"elementor-widget-container\">\n\t\t\t\t\t\t\t<div class=\"flex flex-grow flex-col max-w-full\"><div class=\"min-h-[20px] text-message flex flex-col items-start gap-3 whitespace-pre-wrap break-words [.text-message+&amp;]:mt-5 overflow-x-auto\" data-message-author-role=\"assistant\" data-message-id=\"f2cfaf65-ee40-43cc-a376-e6942d42cd88\"><div class=\"markdown prose w-full break-words dark:prose-invert light\"><p>Wsparcie psychologiczno-pedagogiczne skierowane do dziecka, ucznia lub wychowanka obejmuje identyfikacj\u0119 oraz zaspokajanie jego unikalnych potrzeb rozwojowych i edukacyjnych. W tym kontek\u015bcie uwzgl\u0119dnia si\u0119 analiz\u0119 indywidualnych zdolno\u015bci psychofizycznych oraz wp\u0142yw czynnik\u00f3w \u015brodowiskowych na funkcjonowanie w przedszkolu, szkole i plac\u00f3wce. G\u0142\u00f3wnym celem tego wsparcia jest stymulowanie potencja\u0142u rozwojowego oraz tworzenie warunk\u00f3w sprzyjaj\u0105cych aktywnemu uczestnictwu w \u017cyciu danej plac\u00f3wki i spo\u0142eczno\u015bci.<\/p><p>Z kolei pomoc psychologiczno-pedagogiczna skierowana do rodzic\u00f3w uczni\u00f3w i nauczycieli opiera si\u0119 na wspieraniu ich w rozwi\u0105zywaniu problem\u00f3w wychowawczych i dydaktycznych. Dodatkowo wspomaga rozwijanie umiej\u0119tno\u015bci wychowawczych, maj\u0105c na celu zwi\u0119kszenie efektywno\u015bci udzielanej pomocy dzieciom\/uczniom.<\/p><\/div><\/div><\/div>\t\t\t\t\t\t<\/div>\n\t\t\t\t<\/div>\n\t\t\t\t<div class=\"elementor-element elementor-element-ca9869d elementor-widget elementor-widget-spacer\" data-id=\"ca9869d\" data-element_type=\"widget\" data-widget_type=\"spacer.default\">\n\t\t\t\t<div class=\"elementor-widget-container\">\n\t\t\t\t\t<div class=\"elementor-spacer\">\n\t\t\t<div class=\"elementor-spacer-inner\"><\/div>\n\t\t<\/div>\n\t\t\t\t<\/div>\n\t\t\t\t<\/div>\n\t\t\t\t\t<\/div>\n\t\t\t\t<\/div>\n\t\t<div class=\"elementor-element elementor-element-c6d8414 e-flex e-con-boxed e-con e-parent\" data-id=\"c6d8414\" data-element_type=\"container\">\n\t\t\t\t\t<div class=\"e-con-inner\">\n\t\t<div class=\"elementor-element elementor-element-c074b3f e-con-full e-flex e-con e-child\" data-id=\"c074b3f\" data-element_type=\"container\">\n\t\t\t\t<div class=\"elementor-element elementor-element-8f8ac03 elementor-widget elementor-widget-text-editor\" data-id=\"8f8ac03\" data-element_type=\"widget\" data-widget_type=\"text-editor.default\">\n\t\t\t\t<div class=\"elementor-widget-container\">\n\t\t\t\t\t\t\t<h4>Kto jest inicjatorem wsparcia psychologiczno-pedagogicznego?<\/h4>\t\t\t\t\t\t<\/div>\n\t\t\t\t<\/div>\n\t\t\t\t<div class=\"elementor-element elementor-element-3d7944d elementor-widget elementor-widget-text-editor\" data-id=\"3d7944d\" data-element_type=\"widget\" data-widget_type=\"text-editor.default\">\n\t\t\t\t<div class=\"elementor-widget-container\">\n\t\t\t\t\t\t\t<p>Wsparcie psychologiczno-pedagogiczne mo\u017ce by\u0107 zainicjowane przez r\u00f3\u017cne podmioty, takie jak sam ucznia, rodzice, dyrektor plac\u00f3wki, nauczyciel, wychowawca, specjalista prowadz\u0105cy zaj\u0119cia z uczniem, piel\u0119gniarka szkolna lub higienistka, pracownik poradni psychologiczno-pedagogicznej, asystent edukacji romskiej, pomoc nauczyciela, asystent nauczyciela, specjalista wspieraj\u0105cy organizacj\u0119 kszta\u0142cenia specjalnego, asystent wychowawcy \u015bwietlicy, pracownik socjalny, asystent rodziny, kurator s\u0105dowy, przedstawiciel organizacji pozarz\u0105dowej, innej instytucji lub podmiotu dzia\u0142aj\u0105cego na rzecz rodziny, dzieci i m\u0142odzie\u017cy.<\/p>\t\t\t\t\t\t<\/div>\n\t\t\t\t<\/div>\n\t\t\t\t<div class=\"elementor-element elementor-element-daee8d3 elementor-widget elementor-widget-spacer\" data-id=\"daee8d3\" data-element_type=\"widget\" data-widget_type=\"spacer.default\">\n\t\t\t\t<div class=\"elementor-widget-container\">\n\t\t\t\t\t<div class=\"elementor-spacer\">\n\t\t\t<div class=\"elementor-spacer-inner\"><\/div>\n\t\t<\/div>\n\t\t\t\t<\/div>\n\t\t\t\t<\/div>\n\t\t\t\t<\/div>\n\t\t<div class=\"elementor-element elementor-element-eadfbed e-con-full e-flex e-con e-child\" data-id=\"eadfbed\" data-element_type=\"container\">\n\t\t\t\t<div class=\"elementor-element elementor-element-2b54f35 elementor-widget elementor-widget-spacer\" data-id=\"2b54f35\" data-element_type=\"widget\" data-widget_type=\"spacer.default\">\n\t\t\t\t<div class=\"elementor-widget-container\">\n\t\t\t\t\t<div class=\"elementor-spacer\">\n\t\t\t<div class=\"elementor-spacer-inner\"><\/div>\n\t\t<\/div>\n\t\t\t\t<\/div>\n\t\t\t\t<\/div>\n\t\t\t\t<div class=\"elementor-element elementor-element-b53324b elementor-invisible elementor-widget elementor-widget-image\" data-id=\"b53324b\" data-element_type=\"widget\" data-settings=\"{&quot;_animation&quot;:&quot;fadeInRight&quot;}\" data-widget_type=\"image.default\">\n\t\t\t\t<div class=\"elementor-widget-container\">\n\t\t\t\t\t\t\t\t\t\t\t\t\t<img fetchpriority=\"high\" decoding=\"async\" width=\"640\" height=\"425\" src=\"https:\/\/centrumdit.pl\/wp-content\/uploads\/2024\/02\/Przechwytywanie37.jpg\" class=\"attachment-large size-large wp-image-4476\" alt=\"\" srcset=\"https:\/\/centrumdit.pl\/wp-content\/uploads\/2024\/02\/Przechwytywanie37.jpg 968w, https:\/\/centrumdit.pl\/wp-content\/uploads\/2024\/02\/Przechwytywanie37-300x199.jpg 300w, https:\/\/centrumdit.pl\/wp-content\/uploads\/2024\/02\/Przechwytywanie37-768x510.jpg 768w, https:\/\/centrumdit.pl\/wp-content\/uploads\/2024\/02\/Przechwytywanie37-600x399.jpg 600w\" sizes=\"(max-width: 640px) 100vw, 640px\" \/>\t\t\t\t\t\t\t\t\t\t\t\t\t<\/div>\n\t\t\t\t<\/div>\n\t\t\t\t<\/div>\n\t\t\t\t\t<\/div>\n\t\t\t\t<\/div>\n\t\t\t\t<\/div>\n\t\t","protected":false},"excerpt":{"rendered":"<p>Na czym polega pomoc psychologiczno-pedagogiczna? Wsparcie psychologiczno-pedagogiczne skierowane do dziecka, ucznia lub wychowanka obejmuje identyfikacj\u0119 oraz zaspokajanie jego unikalnych potrzeb rozwojowych i edukacyjnych. W tym kontek\u015bcie uwzgl\u0119dnia si\u0119 analiz\u0119 indywidualnych zdolno\u015bci psychofizycznych oraz wp\u0142yw czynnik\u00f3w \u015brodowiskowych na funkcjonowanie w przedszkolu, szkole i plac\u00f3wce. G\u0142\u00f3wnym celem tego wsparcia jest stymulowanie potencja\u0142u rozwojowego oraz tworzenie warunk\u00f3w sprzyjaj\u0105cych [&hellip;]<\/p>\n","protected":false},"author":1,"featured_media":0,"parent":0,"menu_order":0,"comment_status":"closed","ping_status":"closed","template":"elementor_header_footer","meta":{"footnotes":""},"class_list":["post-690","page","type-page","status-publish","hentry","without-image"],"_links":{"self":[{"href":"https:\/\/centrumdit.pl\/index.php\/wp-json\/wp\/v2\/pages\/690","targetHints":{"allow":["GET"]}}],"collection":[{"href":"https:\/\/centrumdit.pl\/index.php\/wp-json\/wp\/v2\/pages"}],"about":[{"href":"https:\/\/centrumdit.pl\/index.php\/wp-json\/wp\/v2\/types\/page"}],"author":[{"embeddable":true,"href":"https:\/\/centrumdit.pl\/index.php\/wp-json\/wp\/v2\/users\/1"}],"replies":[{"embeddable":true,"href":"https:\/\/centrumdit.pl\/index.php\/wp-json\/wp\/v2\/comments?post=690"}],"version-history":[{"count":7,"href":"https:\/\/centrumdit.pl\/index.php\/wp-json\/wp\/v2\/pages\/690\/revisions"}],"predecessor-version":[{"id":4479,"href":"https:\/\/centrumdit.pl\/index.php\/wp-json\/wp\/v2\/pages\/690\/revisions\/4479"}],"wp:attachment":[{"href":"https:\/\/centrumdit.pl\/index.php\/wp-json\/wp\/v2\/media?parent=690"}],"curies":[{"name":"wp","href":"https:\/\/api.w.org\/{rel}","templated":true}]}}