{"id":686,"date":"2020-07-13T10:41:40","date_gmt":"2020-07-13T10:41:40","guid":{"rendered":"https:\/\/themekreativ.com\/parezy\/?page_id=686"},"modified":"2024-02-09T22:39:14","modified_gmt":"2024-02-09T21:39:14","slug":"our-history","status":"publish","type":"page","link":"https:\/\/centrumdit.pl\/index.php\/our-history\/","title":{"rendered":"ADI-R"},"content":{"rendered":"\t\t<div data-elementor-type=\"wp-page\" data-elementor-id=\"686\" class=\"elementor elementor-686\">\n\t\t\t\t<div class=\"elementor-element elementor-element-a732687 e-flex e-con-boxed e-con e-parent\" data-id=\"a732687\" data-element_type=\"container\">\n\t\t\t\t\t<div class=\"e-con-inner\">\n\t\t\t\t<div class=\"elementor-element elementor-element-fc2fd77 elementor-widget elementor-widget-spacer\" data-id=\"fc2fd77\" data-element_type=\"widget\" data-widget_type=\"spacer.default\">\n\t\t\t\t<div class=\"elementor-widget-container\">\n\t\t\t\t\t<div class=\"elementor-spacer\">\n\t\t\t<div class=\"elementor-spacer-inner\"><\/div>\n\t\t<\/div>\n\t\t\t\t<\/div>\n\t\t\t\t<\/div>\n\t\t\t\t\t<\/div>\n\t\t\t\t<\/div>\n\t\t<div class=\"elementor-element elementor-element-df6fe37 e-flex e-con-boxed e-con e-parent\" data-id=\"df6fe37\" data-element_type=\"container\">\n\t\t\t\t\t<div class=\"e-con-inner\">\n\t\t\t\t<div class=\"elementor-element elementor-element-8300aba elementor-widget elementor-widget-text-editor\" data-id=\"8300aba\" data-element_type=\"widget\" data-settings=\"{&quot;_animation&quot;:&quot;none&quot;}\" data-widget_type=\"text-editor.default\">\n\t\t\t\t<div class=\"elementor-widget-container\">\n\t\t\t\t\t\t\t<h4>ADI-R<\/h4>\t\t\t\t\t\t<\/div>\n\t\t\t\t<\/div>\n\t\t\t\t<div class=\"elementor-element elementor-element-5ab3303 elementor-widget elementor-widget-text-editor\" data-id=\"5ab3303\" data-element_type=\"widget\" data-settings=\"{&quot;_animation&quot;:&quot;none&quot;}\" data-widget_type=\"text-editor.default\">\n\t\t\t\t<div class=\"elementor-widget-container\">\n\t\t\t\t\t\t\t<p><strong>ADI-R<\/strong> to wszechstronne narz\u0119dzie przeznaczone do oceny diagnostycznej dzieci, adolescent\u00f3w i doros\u0142ych z podejrzeniem zaburzenia ze spektrum autyzmu (ASD). ADI-R skutecznie r\u00f3\u017cnicuje autyzm od innych zaburze\u0144 rozwojowych, jest przydatny nie tylko w procesie diagnostycznym ale tak\u017ce przy planowaniu terapii i oddzia\u0142ywa\u0144 edukacyjnych.<\/p>\t\t\t\t\t\t<\/div>\n\t\t\t\t<\/div>\n\t\t\t\t\t<\/div>\n\t\t\t\t<\/div>\n\t\t<div class=\"elementor-element elementor-element-b064ad2 e-flex e-con-boxed e-con e-parent\" data-id=\"b064ad2\" data-element_type=\"container\">\n\t\t\t\t\t<div class=\"e-con-inner\">\n\t\t<div class=\"elementor-element elementor-element-f7efb06 e-con-full e-flex e-con e-child\" data-id=\"f7efb06\" data-element_type=\"container\">\n\t\t\t\t<div class=\"elementor-element elementor-element-ef9ecb4 elementor-widget elementor-widget-spacer\" data-id=\"ef9ecb4\" data-element_type=\"widget\" data-widget_type=\"spacer.default\">\n\t\t\t\t<div class=\"elementor-widget-container\">\n\t\t\t\t\t<div class=\"elementor-spacer\">\n\t\t\t<div class=\"elementor-spacer-inner\"><\/div>\n\t\t<\/div>\n\t\t\t\t<\/div>\n\t\t\t\t<\/div>\n\t\t\t\t<div class=\"elementor-element elementor-element-47e9307 elementor-widget elementor-widget-text-editor\" data-id=\"47e9307\" data-element_type=\"widget\" data-widget_type=\"text-editor.default\">\n\t\t\t\t<div class=\"elementor-widget-container\">\n\t\t\t\t\t\t\t<h4>Czym jest ADI-R?<\/h4>\t\t\t\t\t\t<\/div>\n\t\t\t\t<\/div>\n\t\t\t\t<div class=\"elementor-element elementor-element-a829f2f elementor-widget elementor-widget-text-editor\" data-id=\"a829f2f\" data-element_type=\"widget\" data-widget_type=\"text-editor.default\">\n\t\t\t\t<div class=\"elementor-widget-container\">\n\t\t\t\t\t\t\t<div class=\"flex flex-grow flex-col max-w-full\"><div class=\"min-h-[20px] text-message flex flex-col items-start gap-3 whitespace-pre-wrap break-words [.text-message+&amp;]:mt-5 overflow-x-auto\" data-message-author-role=\"assistant\" data-message-id=\"ec20473d-e658-4680-b2fe-5d5a1c8db5b7\"><div class=\"markdown prose w-full break-words dark:prose-invert light\"><p>ADI-R to narz\u0119dzie diagnostyczne u\u017cywane z ADOS-2 do oceny spektrum autyzmu. Wykorzystuje wywiad z blisk\u0105 osob\u0105 pacjenta, obejmuj\u0105cy 93 pytania. Badanie trwa 1,5\u20132,5 godziny, a wyniki s\u0105 analizowane przez diagnost\u0119 na podstawie arkusza algorytm\u00f3w.<\/p><\/div><\/div><\/div><div class=\"mt-1 flex justify-start gap-3 empty:hidden\"><div class=\"text-gray-400 flex self-end lg:self-center justify-center lg:justify-start mt-0 -ml-1 visible\">\u00a0<\/div><\/div><div class=\"flex\">\u00a0<\/div>\t\t\t\t\t\t<\/div>\n\t\t\t\t<\/div>\n\t\t\t\t<div class=\"elementor-element elementor-element-dbf1417 elementor-widget elementor-widget-spacer\" data-id=\"dbf1417\" data-element_type=\"widget\" data-widget_type=\"spacer.default\">\n\t\t\t\t<div class=\"elementor-widget-container\">\n\t\t\t\t\t<div class=\"elementor-spacer\">\n\t\t\t<div class=\"elementor-spacer-inner\"><\/div>\n\t\t<\/div>\n\t\t\t\t<\/div>\n\t\t\t\t<\/div>\n\t\t\t\t<\/div>\n\t\t<div class=\"elementor-element elementor-element-467aede e-con-full e-flex e-con e-child\" data-id=\"467aede\" data-element_type=\"container\">\n\t\t\t\t<div class=\"elementor-element elementor-element-8caa26e elementor-invisible elementor-widget elementor-widget-image\" data-id=\"8caa26e\" data-element_type=\"widget\" data-settings=\"{&quot;_animation&quot;:&quot;fadeInRight&quot;}\" data-widget_type=\"image.default\">\n\t\t\t\t<div class=\"elementor-widget-container\">\n\t\t\t\t\t\t\t\t\t\t\t\t\t<img fetchpriority=\"high\" decoding=\"async\" width=\"640\" height=\"393\" src=\"https:\/\/centrumdit.pl\/wp-content\/uploads\/2024\/02\/Przechwytywanie30.jpg\" class=\"attachment-large size-large wp-image-4423\" alt=\"\" srcset=\"https:\/\/centrumdit.pl\/wp-content\/uploads\/2024\/02\/Przechwytywanie30.jpg 893w, https:\/\/centrumdit.pl\/wp-content\/uploads\/2024\/02\/Przechwytywanie30-300x184.jpg 300w, https:\/\/centrumdit.pl\/wp-content\/uploads\/2024\/02\/Przechwytywanie30-768x471.jpg 768w, https:\/\/centrumdit.pl\/wp-content\/uploads\/2024\/02\/Przechwytywanie30-600x368.jpg 600w\" sizes=\"(max-width: 640px) 100vw, 640px\" \/>\t\t\t\t\t\t\t\t\t\t\t\t\t<\/div>\n\t\t\t\t<\/div>\n\t\t\t\t<\/div>\n\t\t\t\t\t<\/div>\n\t\t\t\t<\/div>\n\t\t<div class=\"elementor-element elementor-element-26aa8cb e-flex e-con-boxed e-con e-parent\" data-id=\"26aa8cb\" data-element_type=\"container\">\n\t\t\t\t\t<div class=\"e-con-inner\">\n\t\t<div class=\"elementor-element elementor-element-5048c50 e-con-full e-flex e-con e-child\" data-id=\"5048c50\" data-element_type=\"container\">\n\t\t\t\t<div class=\"elementor-element elementor-element-6d3f202 elementor-invisible elementor-widget elementor-widget-image\" data-id=\"6d3f202\" data-element_type=\"widget\" data-settings=\"{&quot;_animation&quot;:&quot;fadeInLeft&quot;}\" data-widget_type=\"image.default\">\n\t\t\t\t<div class=\"elementor-widget-container\">\n\t\t\t\t\t\t\t\t\t\t\t\t\t<img decoding=\"async\" width=\"640\" height=\"423\" src=\"https:\/\/centrumdit.pl\/wp-content\/uploads\/2024\/02\/Przechwytywanie31.jpg\" class=\"attachment-large size-large wp-image-4425\" alt=\"\" srcset=\"https:\/\/centrumdit.pl\/wp-content\/uploads\/2024\/02\/Przechwytywanie31.jpg 869w, https:\/\/centrumdit.pl\/wp-content\/uploads\/2024\/02\/Przechwytywanie31-300x198.jpg 300w, https:\/\/centrumdit.pl\/wp-content\/uploads\/2024\/02\/Przechwytywanie31-768x507.jpg 768w, https:\/\/centrumdit.pl\/wp-content\/uploads\/2024\/02\/Przechwytywanie31-600x396.jpg 600w\" sizes=\"(max-width: 640px) 100vw, 640px\" \/>\t\t\t\t\t\t\t\t\t\t\t\t\t<\/div>\n\t\t\t\t<\/div>\n\t\t\t\t<\/div>\n\t\t<div class=\"elementor-element elementor-element-c9e21cb e-con-full e-flex e-con e-child\" data-id=\"c9e21cb\" data-element_type=\"container\">\n\t\t\t\t<div class=\"elementor-element elementor-element-55a6b5f elementor-widget elementor-widget-spacer\" data-id=\"55a6b5f\" data-element_type=\"widget\" data-widget_type=\"spacer.default\">\n\t\t\t\t<div class=\"elementor-widget-container\">\n\t\t\t\t\t<div class=\"elementor-spacer\">\n\t\t\t<div class=\"elementor-spacer-inner\"><\/div>\n\t\t<\/div>\n\t\t\t\t<\/div>\n\t\t\t\t<\/div>\n\t\t\t\t<div class=\"elementor-element elementor-element-14d3060 elementor-widget elementor-widget-text-editor\" data-id=\"14d3060\" data-element_type=\"widget\" data-widget_type=\"text-editor.default\">\n\t\t\t\t<div class=\"elementor-widget-container\">\n\t\t\t\t\t\t\t<div class=\"flex flex-grow flex-col max-w-full\"><div class=\"min-h-[20px] text-message flex flex-col items-start gap-3 whitespace-pre-wrap break-words [.text-message+&amp;]:mt-5 overflow-x-auto\" data-message-author-role=\"assistant\" data-message-id=\"304221a8-7c36-4370-8aad-a8770e008b0e\"><div class=\"markdown prose w-full break-words dark:prose-invert light\"><h4>Dla kogo przeznaczony jest ADI-R?<\/h4><\/div><\/div><\/div>\t\t\t\t\t\t<\/div>\n\t\t\t\t<\/div>\n\t\t\t\t<div class=\"elementor-element elementor-element-49a167e elementor-widget elementor-widget-text-editor\" data-id=\"49a167e\" data-element_type=\"widget\" data-widget_type=\"text-editor.default\">\n\t\t\t\t<div class=\"elementor-widget-container\">\n\t\t\t\t\t\t\t<p>ADI-R jest przeznaczony dla rodzica lub opiekuna, kt\u00f3ry posiada wiedz\u0119 na temat historii rozwoju osoby badanej (dziecka, ucznia, pacjenta) oraz zna jej codzienne funkcjonowanie obecnie. Badany mo\u017ce mie\u0107 dowolny wiek, pod warunkiem, \u017ce jego wiek umys\u0142owy wynosi co najmniej 24 miesi\u0105ce. Osoba ta nie uczestniczy w samym wywiadzie.<\/p>\t\t\t\t\t\t<\/div>\n\t\t\t\t<\/div>\n\t\t\t\t<\/div>\n\t\t\t\t\t<\/div>\n\t\t\t\t<\/div>\n\t\t<div class=\"elementor-element elementor-element-ce94284 e-flex e-con-boxed e-con e-parent\" data-id=\"ce94284\" data-element_type=\"container\">\n\t\t\t\t\t<div class=\"e-con-inner\">\n\t\t\t\t<div class=\"elementor-element elementor-element-8b3268d elementor-widget elementor-widget-spacer\" data-id=\"8b3268d\" data-element_type=\"widget\" data-widget_type=\"spacer.default\">\n\t\t\t\t<div class=\"elementor-widget-container\">\n\t\t\t\t\t<div class=\"elementor-spacer\">\n\t\t\t<div class=\"elementor-spacer-inner\"><\/div>\n\t\t<\/div>\n\t\t\t\t<\/div>\n\t\t\t\t<\/div>\n\t\t\t\t\t<\/div>\n\t\t\t\t<\/div>\n\t\t\t\t<\/div>\n\t\t","protected":false},"excerpt":{"rendered":"<p>ADI-R ADI-R to wszechstronne narz\u0119dzie przeznaczone do oceny diagnostycznej dzieci, adolescent\u00f3w i doros\u0142ych z podejrzeniem zaburzenia ze spektrum autyzmu (ASD). ADI-R skutecznie r\u00f3\u017cnicuje autyzm od innych zaburze\u0144 rozwojowych, jest przydatny nie tylko w procesie diagnostycznym ale tak\u017ce przy planowaniu terapii i oddzia\u0142ywa\u0144 edukacyjnych. Czym jest ADI-R? ADI-R to narz\u0119dzie diagnostyczne u\u017cywane z ADOS-2 do oceny [&hellip;]<\/p>\n","protected":false},"author":1,"featured_media":0,"parent":0,"menu_order":0,"comment_status":"closed","ping_status":"closed","template":"elementor_header_footer","meta":{"footnotes":""},"class_list":["post-686","page","type-page","status-publish","hentry","without-image"],"_links":{"self":[{"href":"https:\/\/centrumdit.pl\/index.php\/wp-json\/wp\/v2\/pages\/686","targetHints":{"allow":["GET"]}}],"collection":[{"href":"https:\/\/centrumdit.pl\/index.php\/wp-json\/wp\/v2\/pages"}],"about":[{"href":"https:\/\/centrumdit.pl\/index.php\/wp-json\/wp\/v2\/types\/page"}],"author":[{"embeddable":true,"href":"https:\/\/centrumdit.pl\/index.php\/wp-json\/wp\/v2\/users\/1"}],"replies":[{"embeddable":true,"href":"https:\/\/centrumdit.pl\/index.php\/wp-json\/wp\/v2\/comments?post=686"}],"version-history":[{"count":16,"href":"https:\/\/centrumdit.pl\/index.php\/wp-json\/wp\/v2\/pages\/686\/revisions"}],"predecessor-version":[{"id":4440,"href":"https:\/\/centrumdit.pl\/index.php\/wp-json\/wp\/v2\/pages\/686\/revisions\/4440"}],"wp:attachment":[{"href":"https:\/\/centrumdit.pl\/index.php\/wp-json\/wp\/v2\/media?parent=686"}],"curies":[{"name":"wp","href":"https:\/\/api.w.org\/{rel}","templated":true}]}}