{"id":4871,"date":"2024-10-04T10:42:24","date_gmt":"2024-10-04T08:42:24","guid":{"rendered":"https:\/\/centrumdit.pl\/?page_id=4871"},"modified":"2026-04-16T10:27:59","modified_gmt":"2026-04-16T08:27:59","slug":"diagnoza-adhd-u-doroslych-szczecin-2","status":"publish","type":"page","link":"https:\/\/centrumdit.pl\/index.php\/diagnoza-adhd-u-doroslych-szczecin-2\/","title":{"rendered":"Diagnoza ADHD Conners oraz Diva 5"},"content":{"rendered":"\t\t<div data-elementor-type=\"wp-page\" data-elementor-id=\"4871\" class=\"elementor elementor-4871\">\n\t\t\t\t<div class=\"elementor-element elementor-element-d8c8374 e-flex e-con-boxed e-con e-parent\" data-id=\"d8c8374\" data-element_type=\"container\">\n\t\t\t\t\t<div class=\"e-con-inner\">\n\t\t\t\t<div class=\"elementor-element elementor-element-55a51bd elementor-widget elementor-widget-text-editor\" data-id=\"55a51bd\" data-element_type=\"widget\" data-widget_type=\"text-editor.default\">\n\t\t\t\t<div class=\"elementor-widget-container\">\n\t\t\t\t\t\t\t<h2>Diagnoza ADHD u doros\u0142ych<\/h2><p>Zesp\u00f3\u0142 nadpobudliwo\u015bci psychoruchowej z deficytem uwagi, powszechnie znany jako <strong>ADHD<\/strong>, jest grup\u0105 zaburze\u0144 najcz\u0119\u015bciej uto\u017csamian\u0105 z dzie\u0107mi. W rzeczywisto\u015bci jednak dotyczy ona nie tylko najm\u0142odszych, ale te\u017c doros\u0142ych, u kt\u00f3rych niejednokrotnie wci\u0105\u017c bywa lekcewa\u017cona. Nadpobudliwo\u015b\u0107 w zdecydowanej wi\u0119kszo\u015bci przypadk\u00f3w nie zanika bowiem z wiekiem, a niekiedy wr\u0119cz nie pojawia si\u0119 w dzieci\u0144stwie na tyle wyra\u017anie, by doprowadzi\u0107 do diagnozy. Na szcz\u0119\u015bcie spo\u0142eczna \u015bwiadomo\u015b\u0107 dotycz\u0105ca <strong>doros\u0142ych <\/strong>z <strong>ADHD <\/strong>w ostatnich latach powoli wzrasta, a osoby, kt\u00f3re podejrzewaj\u0105 <strong>u<\/strong> siebie to zaburzenie, mog\u0105 liczy\u0107 na pomoc specjalist\u00f3w w postaci <strong>diagnozy <\/strong>oraz terapii.<\/p><h2>Jak objawia si\u0119 ADHD u doros\u0142ych?<\/h2><p>Nale\u017cy pami\u0119ta\u0107, \u017ce ADHD u doros\u0142ych mo\u017ce dawa\u0107 r\u00f3\u017cnorodne symptomy i mog\u0105 one by\u0107 bardzo odmienne u r\u00f3\u017cnych os\u00f3b. W\u015br\u00f3d najpowszechniejszych objaw\u00f3w zaburzenia mo\u017cna wymieni\u0107 m.in.:<\/p><ul><li>k\u0142opoty z koncentracj\u0105,<\/li><li>niecierpliwo\u015b\u0107,<\/li><li>nadmiern\u0105 dra\u017cliwo\u015b\u0107 i impulsywno\u015b\u0107,<\/li><li>problemy z zorganizowaniem,<\/li><li>trudno\u015bci ze s\u0142uchaniem innych,<\/li><li>zapominanie o przedmiotach, wa\u017cnych terminach lub spotkaniach,<\/li><li>ci\u0105g\u0142\u0105 potrzeb\u0119 bycia w ruchu czy m\u00f3wienia.<\/li><\/ul><p>Nagromadzenie tych symptom\u00f3w niejednokrotnie prowadzi do pogorszenia lub wr\u0119cz niemo\u017cno\u015bci utrzymania relacji z przyjaci\u00f3\u0142mi, zwi\u0105zku albo pracy zawodowej. To za\u015b mo\u017ce skutkowa\u0107 dodatkowo cho\u0107by obni\u017conym poczuciem w\u0142asnej warto\u015bci.<\/p><h3>Diagnoza i terapia ADHD u doros\u0142ych<\/h3><p>Objawy <strong>ADHD u doros\u0142ych<\/strong> bywaj\u0105 zatem niejednoznaczne, dlatego w ka\u017cdym przypadku konieczna jest profesjonalna <strong>diagnoza <\/strong>tego zaburzenia. Wykwalifikowani, dyplomowani psychologowie zapewniaj\u0105 specjalistyczn\u0105 diagnostyk\u0119, kt\u00f3ra wyklucza lub potwierdza obecno\u015b\u0107 zespo\u0142u nadpobudliwo\u015bci. W przypadku potwierdzenia ADHD wdra\u017caj\u0105 za\u015b odpowiedni\u0105, indywidualnie dobran\u0105 terapi\u0119, maj\u0105c\u0105 na celu maksymalne zredukowanie objaw\u00f3w, a tym samym zwi\u0119kszenie poziomu \u017cycia. W tym celu wykorzystuje si\u0119 przede wszystkim psychoterapi\u0119 oraz edukacj\u0119 (zar\u00f3wno Klienta, jak i jego bliskich).<\/p>\t\t\t\t\t\t<\/div>\n\t\t\t\t<\/div>\n\t\t\t\t<div class=\"elementor-element elementor-element-a7b5a39 elementor-widget elementor-widget-text-editor\" data-id=\"a7b5a39\" data-element_type=\"widget\" data-widget_type=\"text-editor.default\">\n\t\t\t\t<div class=\"elementor-widget-container\">\n\t\t\t\t\t\t\t<h2>Czy warto uzyska\u0107 diagnoz\u0119 ADHD, b\u0119d\u0105c osob\u0105 doros\u0142\u0105?<\/h2>\n<p>Jeszcze do&nbsp;niedawna ADHD postrzegane by\u0142o jako zaburzenie neurorozwojowe, typowe dla&nbsp;dzieci i&nbsp;m\u0142odzie\u017cy, g\u0142\u00f3wnie m\u0142odych ch\u0142opc\u00f3w. Dzi\u015b wiemy, \u017ce&nbsp;zesp\u00f3\u0142 nadpobudliwo\u015bci psychoruchowej wyst\u0119puje niezale\u017cnie od&nbsp;p\u0142ci b\u0105d\u017a wieku, nie&nbsp;znika wraz z&nbsp;osi\u0105gni\u0119ciem dojrza\u0142o\u015bci, zmienia si\u0119&nbsp;jedynie nasilenie jego objaw\u00f3w. W&nbsp;Centrum DiT&nbsp;w&nbsp;<strong>Szczecinie<\/strong> pomagamy m\u0119\u017cczyznom oraz kobietom niezdiagnozowanym w&nbsp;okresie dzieci\u0119cym lub&nbsp;nastoletnim, w&nbsp;zrozumieniu, jak&nbsp;funkcjonuj\u0105 ich&nbsp;m\u00f3zgi. B\u0119d\u0105c osob\u0105 doros\u0142\u0105, warto uzyska\u0107 <strong>diagnoz\u0119 ADHD<\/strong>, by&nbsp;unikn\u0105\u0107 problem\u00f3w w&nbsp;komunikowaniu si\u0119&nbsp;z&nbsp;innymi, trudno\u015bci z&nbsp;zarz\u0105dzaniem w\u0142asnym czasem czy&nbsp;nara\u017cania si\u0119&nbsp;na&nbsp;r\u00f3\u017cne niebezpieczne sytuacje.<\/p>\n<h2>Jak przygotowa\u0107 si\u0119&nbsp;do&nbsp;diagnozy ADHD?<\/h2>\n<p>Przed wizyt\u0105 u&nbsp;specjalisty warto skompletowa\u0107 w\u0142asn\u0105 dokumentacj\u0119 medyczn\u0105 (szczeg\u00f3lnie dotycz\u0105c\u0105 zdrowia psychicznego), a&nbsp;tak\u017ce opinie bliskich i&nbsp;wspomnienia z&nbsp;dzieci\u0144stwa, zw\u0142aszcza te&nbsp;dotycz\u0105ce trudno\u015bci w&nbsp;szkole lub&nbsp;w&nbsp;domu. To&nbsp;istotne, poniewa\u017c objawy ADHD pojawiaj\u0105 si\u0119&nbsp;ju\u017c&nbsp;w&nbsp;najwcze\u015bniejszych latach \u017cycia, najcz\u0119\u015bciej nasilaj\u0105c si\u0119&nbsp;z&nbsp;wiekiem albo w&nbsp;stresuj\u0105cych sytuacjach. Dodatkowo przed odwiedzeniem psychologa mo\u017cna te\u017c&nbsp;wykona\u0107 bezp\u0142atny test przesiewowy, kt\u00f3ry pomo\u017ce diagno\u015bcie w&nbsp;wystawieniu trafnej diagnozy.<\/p>\n<h3>Diagnoza ADHD u&nbsp;doros\u0142ych: Szczecin<\/h3>\n<p>Do naszych specjalno\u015bci nale\u017cy <strong>diagnoza ADHD<\/strong>. <strong>Szczecin<\/strong>, ul. Zygmunta Krasi\u0144skiego 10&nbsp;\u2014 pod&nbsp;ten&nbsp;adres nale\u017cy uda\u0107 si\u0119&nbsp;po&nbsp;um\u00f3wieniu si\u0119&nbsp;na&nbsp;wizyt\u0119. Centrum DiT&nbsp;znajduje si\u0119&nbsp;na&nbsp;II&nbsp;pi\u0119trze, w&nbsp;lokalu 29g. Zajmujemy si\u0119&nbsp;rozpoznawaniem neuroatypowo\u015bci <strong>u doros\u0142ych<\/strong>, a&nbsp;tak\u017ce u&nbsp;dzieci i&nbsp;m\u0142odzie\u017cy. Niezdiagnozowane <strong>ADHD<\/strong> mo\u017ce prowadzi\u0107 do&nbsp;trudno\u015bci w&nbsp;\u017cyciu zawodowym lub&nbsp;osobistym, wi\u0119c w&nbsp;przypadku, gdy&nbsp;podejrzewa si\u0119&nbsp;u&nbsp;siebie zesp\u00f3\u0142 nadpobudliwo\u015bci psychoruchowej, warto jak&nbsp;najszybciej skorzysta\u0107 z&nbsp;profesjonalnego wsparcia. Zach\u0119camy do&nbsp;um\u00f3wienia si\u0119&nbsp;na&nbsp;konsultacj\u0119 z&nbsp;psychologiem w&nbsp;celu uzyskania <strong>diagnozy<\/strong>.<\/p>\t\t\t\t\t\t<\/div>\n\t\t\t\t<\/div>\n\t\t\t\t\t<\/div>\n\t\t\t\t<\/div>\n\t\t<div class=\"elementor-element elementor-element-716ad22 e-flex e-con-boxed e-con e-parent\" data-id=\"716ad22\" data-element_type=\"container\">\n\t\t\t\t\t<div class=\"e-con-inner\">\n\t\t\t\t<div class=\"elementor-element elementor-element-692efe2 elementor-widget elementor-widget-heading\" data-id=\"692efe2\" data-element_type=\"widget\" data-widget_type=\"heading.default\">\n\t\t\t\t<div class=\"elementor-widget-container\">\n\t\t\t<h2 class=\"elementor-heading-title elementor-size-default\">FAQ<\/h2>\t\t<\/div>\n\t\t\t\t<\/div>\n\t\t\t\t<div class=\"elementor-element elementor-element-f08521f elementor-widget elementor-widget-accordion\" data-id=\"f08521f\" data-element_type=\"widget\" data-widget_type=\"accordion.default\">\n\t\t\t\t<div class=\"elementor-widget-container\">\n\t\t\t\t\t<div class=\"elementor-accordion\">\n\t\t\t\t\t\t\t<div class=\"elementor-accordion-item\">\n\t\t\t\t\t<div id=\"elementor-tab-title-2521\" class=\"elementor-tab-title\" data-tab=\"1\" role=\"button\" aria-controls=\"elementor-tab-content-2521\" aria-expanded=\"false\">\n\t\t\t\t\t\t\t\t\t\t\t\t\t<span class=\"elementor-accordion-icon elementor-accordion-icon-left\" aria-hidden=\"true\">\n\t\t\t\t\t\t\t\t\t\t\t\t\t\t\t<span class=\"elementor-accordion-icon-closed\"><svg class=\"e-font-icon-svg e-fas-plus\" viewBox=\"0 0 448 512\" xmlns=\"http:\/\/www.w3.org\/2000\/svg\"><path d=\"M416 208H272V64c0-17.67-14.33-32-32-32h-32c-17.67 0-32 14.33-32 32v144H32c-17.67 0-32 14.33-32 32v32c0 17.67 14.33 32 32 32h144v144c0 17.67 14.33 32 32 32h32c17.67 0 32-14.33 32-32V304h144c17.67 0 32-14.33 32-32v-32c0-17.67-14.33-32-32-32z\"><\/path><\/svg><\/span>\n\t\t\t\t\t\t\t\t<span class=\"elementor-accordion-icon-opened\"><svg class=\"e-font-icon-svg e-fas-minus\" viewBox=\"0 0 448 512\" xmlns=\"http:\/\/www.w3.org\/2000\/svg\"><path d=\"M416 208H32c-17.67 0-32 14.33-32 32v32c0 17.67 14.33 32 32 32h384c17.67 0 32-14.33 32-32v-32c0-17.67-14.33-32-32-32z\"><\/path><\/svg><\/span>\n\t\t\t\t\t\t\t\t\t\t\t\t\t\t<\/span>\n\t\t\t\t\t\t\t\t\t\t\t\t<a class=\"elementor-accordion-title\" tabindex=\"0\">Na czym polega diagnoza ADHD u doros\u0142ych?<\/a>\n\t\t\t\t\t<\/div>\n\t\t\t\t\t<div id=\"elementor-tab-content-2521\" class=\"elementor-tab-content elementor-clearfix\" data-tab=\"1\" role=\"region\" aria-labelledby=\"elementor-tab-title-2521\">Diagnoza ADHD u doros\u0142ych w Szczecinie obejmuje szczeg\u00f3\u0142owy wywiad kliniczny, testy psychologiczne oraz ocen\u0119 objaw\u00f3w zgodnie z obowi\u0105zuj\u0105cymi kryteriami diagnostycznymi.<\/div>\n\t\t\t\t<\/div>\n\t\t\t\t\t\t\t<div class=\"elementor-accordion-item\">\n\t\t\t\t\t<div id=\"elementor-tab-title-2522\" class=\"elementor-tab-title\" data-tab=\"2\" role=\"button\" aria-controls=\"elementor-tab-content-2522\" aria-expanded=\"false\">\n\t\t\t\t\t\t\t\t\t\t\t\t\t<span class=\"elementor-accordion-icon elementor-accordion-icon-left\" aria-hidden=\"true\">\n\t\t\t\t\t\t\t\t\t\t\t\t\t\t\t<span class=\"elementor-accordion-icon-closed\"><svg class=\"e-font-icon-svg e-fas-plus\" viewBox=\"0 0 448 512\" xmlns=\"http:\/\/www.w3.org\/2000\/svg\"><path d=\"M416 208H272V64c0-17.67-14.33-32-32-32h-32c-17.67 0-32 14.33-32 32v144H32c-17.67 0-32 14.33-32 32v32c0 17.67 14.33 32 32 32h144v144c0 17.67 14.33 32 32 32h32c17.67 0 32-14.33 32-32V304h144c17.67 0 32-14.33 32-32v-32c0-17.67-14.33-32-32-32z\"><\/path><\/svg><\/span>\n\t\t\t\t\t\t\t\t<span class=\"elementor-accordion-icon-opened\"><svg class=\"e-font-icon-svg e-fas-minus\" viewBox=\"0 0 448 512\" xmlns=\"http:\/\/www.w3.org\/2000\/svg\"><path d=\"M416 208H32c-17.67 0-32 14.33-32 32v32c0 17.67 14.33 32 32 32h384c17.67 0 32-14.33 32-32v-32c0-17.67-14.33-32-32-32z\"><\/path><\/svg><\/span>\n\t\t\t\t\t\t\t\t\t\t\t\t\t\t<\/span>\n\t\t\t\t\t\t\t\t\t\t\t\t<a class=\"elementor-accordion-title\" tabindex=\"0\">Gdzie wykona\u0107 diagnoz\u0119 ADHD w Szczecinie?<\/a>\n\t\t\t\t\t<\/div>\n\t\t\t\t\t<div id=\"elementor-tab-content-2522\" class=\"elementor-tab-content elementor-clearfix\" data-tab=\"2\" role=\"region\" aria-labelledby=\"elementor-tab-title-2522\"><p>Profesjonalna diagnoza ADHD w Szczecinie realizowana jest w Centrum DIT przez wykwalifikowanych psycholog\u00f3w.<\/p><\/div>\n\t\t\t\t<\/div>\n\t\t\t\t\t\t\t<div class=\"elementor-accordion-item\">\n\t\t\t\t\t<div id=\"elementor-tab-title-2523\" class=\"elementor-tab-title\" data-tab=\"3\" role=\"button\" aria-controls=\"elementor-tab-content-2523\" aria-expanded=\"false\">\n\t\t\t\t\t\t\t\t\t\t\t\t\t<span class=\"elementor-accordion-icon elementor-accordion-icon-left\" aria-hidden=\"true\">\n\t\t\t\t\t\t\t\t\t\t\t\t\t\t\t<span class=\"elementor-accordion-icon-closed\"><svg class=\"e-font-icon-svg e-fas-plus\" viewBox=\"0 0 448 512\" xmlns=\"http:\/\/www.w3.org\/2000\/svg\"><path d=\"M416 208H272V64c0-17.67-14.33-32-32-32h-32c-17.67 0-32 14.33-32 32v144H32c-17.67 0-32 14.33-32 32v32c0 17.67 14.33 32 32 32h144v144c0 17.67 14.33 32 32 32h32c17.67 0 32-14.33 32-32V304h144c17.67 0 32-14.33 32-32v-32c0-17.67-14.33-32-32-32z\"><\/path><\/svg><\/span>\n\t\t\t\t\t\t\t\t<span class=\"elementor-accordion-icon-opened\"><svg class=\"e-font-icon-svg e-fas-minus\" viewBox=\"0 0 448 512\" xmlns=\"http:\/\/www.w3.org\/2000\/svg\"><path d=\"M416 208H32c-17.67 0-32 14.33-32 32v32c0 17.67 14.33 32 32 32h384c17.67 0 32-14.33 32-32v-32c0-17.67-14.33-32-32-32z\"><\/path><\/svg><\/span>\n\t\t\t\t\t\t\t\t\t\t\t\t\t\t<\/span>\n\t\t\t\t\t\t\t\t\t\t\t\t<a class=\"elementor-accordion-title\" tabindex=\"0\">Jakie objawy mog\u0105 wskazywa\u0107 na ADHD u doros\u0142ych?<\/a>\n\t\t\t\t\t<\/div>\n\t\t\t\t\t<div id=\"elementor-tab-content-2523\" class=\"elementor-tab-content elementor-clearfix\" data-tab=\"3\" role=\"region\" aria-labelledby=\"elementor-tab-title-2523\"><p>Do najcz\u0119stszych objaw\u00f3w nale\u017c\u0105 trudno\u015bci z koncentracj\u0105, impulsywno\u015b\u0107, problemy z organizacj\u0105 czasu, nadmierna aktywno\u015b\u0107 psychiczna oraz chroniczne zm\u0119czenie.<\/p><\/div>\n\t\t\t\t<\/div>\n\t\t\t\t\t\t\t<div class=\"elementor-accordion-item\">\n\t\t\t\t\t<div id=\"elementor-tab-title-2524\" class=\"elementor-tab-title\" data-tab=\"4\" role=\"button\" aria-controls=\"elementor-tab-content-2524\" aria-expanded=\"false\">\n\t\t\t\t\t\t\t\t\t\t\t\t\t<span class=\"elementor-accordion-icon elementor-accordion-icon-left\" aria-hidden=\"true\">\n\t\t\t\t\t\t\t\t\t\t\t\t\t\t\t<span class=\"elementor-accordion-icon-closed\"><svg class=\"e-font-icon-svg e-fas-plus\" viewBox=\"0 0 448 512\" xmlns=\"http:\/\/www.w3.org\/2000\/svg\"><path d=\"M416 208H272V64c0-17.67-14.33-32-32-32h-32c-17.67 0-32 14.33-32 32v144H32c-17.67 0-32 14.33-32 32v32c0 17.67 14.33 32 32 32h144v144c0 17.67 14.33 32 32 32h32c17.67 0 32-14.33 32-32V304h144c17.67 0 32-14.33 32-32v-32c0-17.67-14.33-32-32-32z\"><\/path><\/svg><\/span>\n\t\t\t\t\t\t\t\t<span class=\"elementor-accordion-icon-opened\"><svg class=\"e-font-icon-svg e-fas-minus\" viewBox=\"0 0 448 512\" xmlns=\"http:\/\/www.w3.org\/2000\/svg\"><path d=\"M416 208H32c-17.67 0-32 14.33-32 32v32c0 17.67 14.33 32 32 32h384c17.67 0 32-14.33 32-32v-32c0-17.67-14.33-32-32-32z\"><\/path><\/svg><\/span>\n\t\t\t\t\t\t\t\t\t\t\t\t\t\t<\/span>\n\t\t\t\t\t\t\t\t\t\t\t\t<a class=\"elementor-accordion-title\" tabindex=\"0\">Ile trwa diagnoza ADHD u doros\u0142ych?<\/a>\n\t\t\t\t\t<\/div>\n\t\t\t\t\t<div id=\"elementor-tab-content-2524\" class=\"elementor-tab-content elementor-clearfix\" data-tab=\"4\" role=\"region\" aria-labelledby=\"elementor-tab-title-2524\"><p>Proces diagnostyczny ADHD zazwyczaj obejmuje kilka spotka\u0144 i ko\u0144czy si\u0119 pisemn\u0105 opini\u0105 psychologiczn\u0105.<\/p><\/div>\n\t\t\t\t<\/div>\n\t\t\t\t\t\t\t<div class=\"elementor-accordion-item\">\n\t\t\t\t\t<div id=\"elementor-tab-title-2525\" class=\"elementor-tab-title\" data-tab=\"5\" role=\"button\" aria-controls=\"elementor-tab-content-2525\" aria-expanded=\"false\">\n\t\t\t\t\t\t\t\t\t\t\t\t\t<span class=\"elementor-accordion-icon elementor-accordion-icon-left\" aria-hidden=\"true\">\n\t\t\t\t\t\t\t\t\t\t\t\t\t\t\t<span class=\"elementor-accordion-icon-closed\"><svg class=\"e-font-icon-svg e-fas-plus\" viewBox=\"0 0 448 512\" xmlns=\"http:\/\/www.w3.org\/2000\/svg\"><path d=\"M416 208H272V64c0-17.67-14.33-32-32-32h-32c-17.67 0-32 14.33-32 32v144H32c-17.67 0-32 14.33-32 32v32c0 17.67 14.33 32 32 32h144v144c0 17.67 14.33 32 32 32h32c17.67 0 32-14.33 32-32V304h144c17.67 0 32-14.33 32-32v-32c0-17.67-14.33-32-32-32z\"><\/path><\/svg><\/span>\n\t\t\t\t\t\t\t\t<span class=\"elementor-accordion-icon-opened\"><svg class=\"e-font-icon-svg e-fas-minus\" viewBox=\"0 0 448 512\" xmlns=\"http:\/\/www.w3.org\/2000\/svg\"><path d=\"M416 208H32c-17.67 0-32 14.33-32 32v32c0 17.67 14.33 32 32 32h384c17.67 0 32-14.33 32-32v-32c0-17.67-14.33-32-32-32z\"><\/path><\/svg><\/span>\n\t\t\t\t\t\t\t\t\t\t\t\t\t\t<\/span>\n\t\t\t\t\t\t\t\t\t\t\t\t<a class=\"elementor-accordion-title\" tabindex=\"0\">Czy po diagnozie ADHD mo\u017cna uzyska\u0107 dalsz\u0105 pomoc?<\/a>\n\t\t\t\t\t<\/div>\n\t\t\t\t\t<div id=\"elementor-tab-content-2525\" class=\"elementor-tab-content elementor-clearfix\" data-tab=\"5\" role=\"region\" aria-labelledby=\"elementor-tab-title-2525\"><p>Tak, po diagnozie ADHD u doros\u0142ych w Szczecinie mo\u017cliwe jest podj\u0119cie terapii psychologicznej lub konsultacji wspieraj\u0105cych codzienne funkcjonowanie.<\/p><\/div>\n\t\t\t\t<\/div>\n\t\t\t\t\t\t\t\t<\/div>\n\t\t\t\t<\/div>\n\t\t\t\t<\/div>\n\t\t\t\t<div class=\"elementor-element elementor-element-e2dd9ac elementor-widget elementor-widget-html\" data-id=\"e2dd9ac\" data-element_type=\"widget\" data-widget_type=\"html.default\">\n\t\t\t\t<div class=\"elementor-widget-container\">\n\t\t\t<script type=\"application\/ld+json\">\r\n{\r\n\"@context\": \"https:\/\/schema.org\",\r\n\"@type\": \"FAQPage\",\r\n\"mainEntity\": [\r\n{\r\n\"@type\": \"Question\",\r\n\"name\": \"Na czym polega diagnoza ADHD u doros\u0142ych?\",\r\n\"acceptedAnswer\": {\r\n\"@type\": \"Answer\",\r\n\"text\": \"Diagnoza ADHD u doros\u0142ych w Szczecinie obejmuje szczeg\u00f3\u0142owy wywiad kliniczny, testy psychologiczne oraz ocen\u0119 objaw\u00f3w zgodnie z obowi\u0105zuj\u0105cymi kryteriami diagnostycznymi.\"\r\n}\r\n},\r\n{\r\n\"@type\": \"Question\",\r\n\"name\": \"Gdzie wykona\u0107 diagnoz\u0119 ADHD w Szczecinie?\",\r\n\"acceptedAnswer\": {\r\n\"@type\": \"Answer\",\r\n\"text\": \"Profesjonalna diagnoza ADHD w Szczecinie realizowana jest w Centrum DIT przez wykwalifikowanych psycholog\u00f3w.\"\r\n}\r\n},\r\n{\r\n\"@type\": \"Question\",\r\n\"name\": \"Jakie objawy mog\u0105 wskazywa\u0107 na ADHD u doros\u0142ych?\",\r\n\"acceptedAnswer\": {\r\n\"@type\": \"Answer\",\r\n\"text\": \"Do najcz\u0119stszych objaw\u00f3w nale\u017c\u0105 trudno\u015bci z koncentracj\u0105, impulsywno\u015b\u0107, problemy z organizacj\u0105 czasu, nadmierna aktywno\u015b\u0107 psychiczna oraz chroniczne zm\u0119czenie.\"\r\n}\r\n},\r\n{\r\n\"@type\": \"Question\",\r\n\"name\": \"Ile trwa diagnoza ADHD u doros\u0142ych?\",\r\n\"acceptedAnswer\": {\r\n\"@type\": \"Answer\",\r\n\"text\": \"Proces diagnostyczny ADHD zazwyczaj obejmuje kilka spotka\u0144 i ko\u0144czy si\u0119 pisemn\u0105 opini\u0105 psychologiczn\u0105.\"\r\n}\r\n},\r\n{\r\n\"@type\": \"Question\",\r\n\"name\": \"Czy po diagnozie ADHD mo\u017cna uzyska\u0107 dalsz\u0105 pomoc?\",\r\n\"acceptedAnswer\": {\r\n\"@type\": \"Answer\",\r\n\"text\": \"Tak, po diagnozie ADHD u doros\u0142ych w Szczecinie mo\u017cliwe jest podj\u0119cie terapii psychologicznej lub konsultacji wspieraj\u0105cych codzienne funkcjonowanie.\"\r\n}\r\n}\r\n]\r\n}\r\n\r\n\r\n<\/script>\t\t<\/div>\n\t\t\t\t<\/div>\n\t\t\t\t\t<\/div>\n\t\t\t\t<\/div>\n\t\t\t\t<\/div>\n\t\t","protected":false},"excerpt":{"rendered":"<p>Diagnoza ADHD u doros\u0142ych Zesp\u00f3\u0142 nadpobudliwo\u015bci psychoruchowej z deficytem uwagi, powszechnie znany jako ADHD, jest grup\u0105 zaburze\u0144 najcz\u0119\u015bciej uto\u017csamian\u0105 z dzie\u0107mi. W rzeczywisto\u015bci jednak dotyczy ona nie tylko najm\u0142odszych, ale te\u017c doros\u0142ych, u kt\u00f3rych niejednokrotnie wci\u0105\u017c bywa lekcewa\u017cona. Nadpobudliwo\u015b\u0107 w zdecydowanej wi\u0119kszo\u015bci przypadk\u00f3w nie zanika bowiem z wiekiem, a niekiedy wr\u0119cz nie pojawia si\u0119 w [&hellip;]<\/p>\n","protected":false},"author":1,"featured_media":0,"parent":0,"menu_order":0,"comment_status":"closed","ping_status":"closed","template":"elementor_header_footer","meta":{"footnotes":""},"class_list":["post-4871","page","type-page","status-publish","hentry","without-image"],"_links":{"self":[{"href":"https:\/\/centrumdit.pl\/index.php\/wp-json\/wp\/v2\/pages\/4871","targetHints":{"allow":["GET"]}}],"collection":[{"href":"https:\/\/centrumdit.pl\/index.php\/wp-json\/wp\/v2\/pages"}],"about":[{"href":"https:\/\/centrumdit.pl\/index.php\/wp-json\/wp\/v2\/types\/page"}],"author":[{"embeddable":true,"href":"https:\/\/centrumdit.pl\/index.php\/wp-json\/wp\/v2\/users\/1"}],"replies":[{"embeddable":true,"href":"https:\/\/centrumdit.pl\/index.php\/wp-json\/wp\/v2\/comments?post=4871"}],"version-history":[{"count":14,"href":"https:\/\/centrumdit.pl\/index.php\/wp-json\/wp\/v2\/pages\/4871\/revisions"}],"predecessor-version":[{"id":4972,"href":"https:\/\/centrumdit.pl\/index.php\/wp-json\/wp\/v2\/pages\/4871\/revisions\/4972"}],"wp:attachment":[{"href":"https:\/\/centrumdit.pl\/index.php\/wp-json\/wp\/v2\/media?parent=4871"}],"curies":[{"name":"wp","href":"https:\/\/api.w.org\/{rel}","templated":true}]}}